{"id":55,"date":"2021-04-25T00:14:24","date_gmt":"2021-04-24T22:14:24","guid":{"rendered":"https:\/\/www.borderland.me\/?page_id=55"},"modified":"2021-04-25T00:23:44","modified_gmt":"2021-04-24T22:23:44","slug":"ueber-uns-2","status":"publish","type":"page","link":"https:\/\/www.borderland.me\/index.php\/ueber-uns-2\/","title":{"rendered":"\u00dcber uns"},"content":{"rendered":"\n<figure class=\"wp-block-image size-large is-resized\"><img loading=\"lazy\" decoding=\"async\" src=\"https:\/\/www.borderland.me\/wp-content\/uploads\/2021\/04\/Blod-Profilbild.jpg\" alt=\"\" class=\"wp-image-27\" width=\"286\" height=\"232\" srcset=\"https:\/\/www.borderland.me\/wp-content\/uploads\/2021\/04\/Blod-Profilbild.jpg 959w, https:\/\/www.borderland.me\/wp-content\/uploads\/2021\/04\/Blod-Profilbild-768x626.jpg 768w\" sizes=\"auto, (max-width: 286px) 100vw, 286px\" \/><\/figure>\n\n\n\n<p>Wir sind Christin und Holger.\u00a0<\/p>\n\n\n\n<p>Auf den ersten Blick sehen wir vermutlich gar nicht so ungew\u00f6hnlich aus, jedoch sind wir alles andere als gew\u00f6hnlich.\u200b<\/p>\n\n\n\n<p>Wir beide &#8222;leiden&#8220; an der Borderline-Pers\u00f6nlichkeitsst\u00f6rung, wie etwa 3% der Bev\u00f6lkerung.\u200b<\/p>\n\n\n\n<p>Bei der Borderline-St\u00f6rung&nbsp; handelt es sich um eine Pers\u00f6nlichkeitsst\u00f6rung, die durch Impulsivit\u00e4t und Instabilit\u00e4t von Emotionen und Stimmung, der Identit\u00e4t sowie zwischenmenschlichen Beziehungen charakterisiert ist.<\/p>\n\n\n\n<p>Stimmungs- und Gef\u00fchlsschwankungen, extreme innerliche Anspannung, ein gest\u00f6rtes Selbstbild und die wahnsinnige Angst vor dem Alleinsein oder Verlassen werden sind nur einige der Dinge, mit denen Bordi\u00b4s klarkommen m\u00fcssen.<\/p>\n\n\n\n<p>Der Klischee-Borderliner der Medien verletzt sich in der Regel auch selbst, viele kennen den Begriff des \u00a0&#8222;Ritzen&#8220; vielleicht.\u200b<\/p>\n\n\n\n<p>Wir beide haben in unserer Vergangenheit S\u00e4tze geh\u00f6rt wie &#8222;Sie sehen gar nicht aus wie ein Borderliner&#8220; oder &#8222;Von Ihnen h\u00e4tte ich das gar nicht gedacht&#8220; aber auch wenn wir nicht mit sehr vielen Narben \u00fcbers\u00e4ht sind, haben wir doch viele von ihnen auf unseren Seelen.\u00a0\u200b<\/p>\n\n\n\n<p>Wir m\u00f6chten euch hier einen Einblick geben in das verr\u00fcckte Leben zweier Menschen, denen man nachsagt nicht beziehungsf\u00e4hig zu sein&#8230;\u200b<\/p>\n\n\n\n<p>&#8230;wir beweisen euch das Gegenteil und lassen euch teilhaben an unserem au\u00dfergew\u00f6hnlichen Leben.<\/p>\n\n\n\n<p><strong>\u200b<\/strong>Liebe Gr\u00fc\u00dfe\u00a0<\/p>\n\n\n\n<p>Christin &amp; Holger<\/p>\n<div class=\"pvc_clear\"><\/div><p id=\"pvc_stats_55\" class=\"pvc_stats all  \" data-element-id=\"55\" style=\"\"><i class=\"pvc-stats-icon medium\" aria-hidden=\"true\"><svg aria-hidden=\"true\" focusable=\"false\" data-prefix=\"far\" data-icon=\"chart-bar\" role=\"img\" xmlns=\"http:\/\/www.w3.org\/2000\/svg\" viewBox=\"0 0 512 512\" class=\"svg-inline--fa fa-chart-bar fa-w-16 fa-2x\"><path fill=\"currentColor\" d=\"M396.8 352h22.4c6.4 0 12.8-6.4 12.8-12.8V108.8c0-6.4-6.4-12.8-12.8-12.8h-22.4c-6.4 0-12.8 6.4-12.8 12.8v230.4c0 6.4 6.4 12.8 12.8 12.8zm-192 0h22.4c6.4 0 12.8-6.4 12.8-12.8V140.8c0-6.4-6.4-12.8-12.8-12.8h-22.4c-6.4 0-12.8 6.4-12.8 12.8v198.4c0 6.4 6.4 12.8 12.8 12.8zm96 0h22.4c6.4 0 12.8-6.4 12.8-12.8V204.8c0-6.4-6.4-12.8-12.8-12.8h-22.4c-6.4 0-12.8 6.4-12.8 12.8v134.4c0 6.4 6.4 12.8 12.8 12.8zM496 400H48V80c0-8.84-7.16-16-16-16H16C7.16 64 0 71.16 0 80v336c0 17.67 14.33 32 32 32h464c8.84 0 16-7.16 16-16v-16c0-8.84-7.16-16-16-16zm-387.2-48h22.4c6.4 0 12.8-6.4 12.8-12.8v-70.4c0-6.4-6.4-12.8-12.8-12.8h-22.4c-6.4 0-12.8 6.4-12.8 12.8v70.4c0 6.4 6.4 12.8 12.8 12.8z\" class=\"\"><\/path><\/svg><\/i> <img loading=\"lazy\" decoding=\"async\" width=\"16\" height=\"16\" alt=\"Loading\" src=\"https:\/\/www.borderland.me\/wp-content\/plugins\/page-views-count\/ajax-loader-2x.gif\" border=0 \/><\/p><div class=\"pvc_clear\"><\/div>","protected":false},"excerpt":{"rendered":"<p>Wir sind Christin und Holger.\u00a0 Auf den ersten Blick sehen wir vermutlich gar nicht so ungew\u00f6hnlich aus, jedoch sind wir&hellip;<\/p>\n<div class=\"pvc_clear\"><\/div>\n<p id=\"pvc_stats_55\" class=\"pvc_stats all  \" data-element-id=\"55\" style=\"\"><i class=\"pvc-stats-icon medium\" aria-hidden=\"true\"><svg aria-hidden=\"true\" focusable=\"false\" data-prefix=\"far\" data-icon=\"chart-bar\" role=\"img\" xmlns=\"http:\/\/www.w3.org\/2000\/svg\" viewBox=\"0 0 512 512\" class=\"svg-inline--fa fa-chart-bar fa-w-16 fa-2x\"><path fill=\"currentColor\" d=\"M396.8 352h22.4c6.4 0 12.8-6.4 12.8-12.8V108.8c0-6.4-6.4-12.8-12.8-12.8h-22.4c-6.4 0-12.8 6.4-12.8 12.8v230.4c0 6.4 6.4 12.8 12.8 12.8zm-192 0h22.4c6.4 0 12.8-6.4 12.8-12.8V140.8c0-6.4-6.4-12.8-12.8-12.8h-22.4c-6.4 0-12.8 6.4-12.8 12.8v198.4c0 6.4 6.4 12.8 12.8 12.8zm96 0h22.4c6.4 0 12.8-6.4 12.8-12.8V204.8c0-6.4-6.4-12.8-12.8-12.8h-22.4c-6.4 0-12.8 6.4-12.8 12.8v134.4c0 6.4 6.4 12.8 12.8 12.8zM496 400H48V80c0-8.84-7.16-16-16-16H16C7.16 64 0 71.16 0 80v336c0 17.67 14.33 32 32 32h464c8.84 0 16-7.16 16-16v-16c0-8.84-7.16-16-16-16zm-387.2-48h22.4c6.4 0 12.8-6.4 12.8-12.8v-70.4c0-6.4-6.4-12.8-12.8-12.8h-22.4c-6.4 0-12.8 6.4-12.8 12.8v70.4c0 6.4 6.4 12.8 12.8 12.8z\" class=\"\"><\/path><\/svg><\/i> <img loading=\"lazy\" decoding=\"async\" width=\"16\" height=\"16\" alt=\"Loading\" src=\"https:\/\/www.borderland.me\/wp-content\/plugins\/page-views-count\/ajax-loader-2x.gif\" border=0 \/><\/p>\n<div class=\"pvc_clear\"><\/div>\n","protected":false},"author":1,"featured_media":0,"parent":0,"menu_order":0,"comment_status":"closed","ping_status":"closed","template":"","meta":{"footnotes":""},"class_list":["post-55","page","type-page","status-publish","hentry","comments-off"],"a3_pvc":{"activated":true,"total_views":492,"today_views":0},"_links":{"self":[{"href":"https:\/\/www.borderland.me\/index.php\/wp-json\/wp\/v2\/pages\/55","targetHints":{"allow":["GET"]}}],"collection":[{"href":"https:\/\/www.borderland.me\/index.php\/wp-json\/wp\/v2\/pages"}],"about":[{"href":"https:\/\/www.borderland.me\/index.php\/wp-json\/wp\/v2\/types\/page"}],"author":[{"embeddable":true,"href":"https:\/\/www.borderland.me\/index.php\/wp-json\/wp\/v2\/users\/1"}],"replies":[{"embeddable":true,"href":"https:\/\/www.borderland.me\/index.php\/wp-json\/wp\/v2\/comments?post=55"}],"version-history":[{"count":3,"href":"https:\/\/www.borderland.me\/index.php\/wp-json\/wp\/v2\/pages\/55\/revisions"}],"predecessor-version":[{"id":61,"href":"https:\/\/www.borderland.me\/index.php\/wp-json\/wp\/v2\/pages\/55\/revisions\/61"}],"wp:attachment":[{"href":"https:\/\/www.borderland.me\/index.php\/wp-json\/wp\/v2\/media?parent=55"}],"curies":[{"name":"wp","href":"https:\/\/api.w.org\/{rel}","templated":true}]}}